{"id":158,"date":"2019-03-20T01:00:08","date_gmt":"2019-03-20T00:00:08","guid":{"rendered":"http:\/\/krage.pl\/?page_id=158"},"modified":"2026-03-24T14:32:21","modified_gmt":"2026-03-24T13:32:21","slug":"kontakt","status":"publish","type":"page","link":"https:\/\/krage.pl\/index.php\/kontakt\/","title":{"rendered":"KONTAKT"},"content":{"rendered":"\n<div class=\"wp-block-columns has-2-columns is-layout-flex wp-container-core-columns-is-layout-9d6595d7 wp-block-columns-is-layout-flex\">\n<div class=\"wp-block-column is-layout-flow wp-block-column-is-layout-flow\">\n<figure class=\"wp-block-image\"><img loading=\"lazy\" decoding=\"async\" width=\"1024\" height=\"683\" src=\"https:\/\/krage.pl\/wp-content\/uploads\/2019\/07\/office-1209640_1280-1024x683.jpg\" alt=\"\" class=\"wp-image-378\" srcset=\"https:\/\/krage.pl\/wp-content\/uploads\/2019\/07\/office-1209640_1280-1024x683.jpg 1024w, https:\/\/krage.pl\/wp-content\/uploads\/2019\/07\/office-1209640_1280-300x200.jpg 300w, https:\/\/krage.pl\/wp-content\/uploads\/2019\/07\/office-1209640_1280-768x512.jpg 768w, https:\/\/krage.pl\/wp-content\/uploads\/2019\/07\/office-1209640_1280-930x620.jpg 930w, https:\/\/krage.pl\/wp-content\/uploads\/2019\/07\/office-1209640_1280.jpg 1280w\" sizes=\"auto, (max-width: 1024px) 100vw, 1024px\" \/><\/figure>\n\n\n\n<p><\/p>\n\n\n\n<div class=\"wp-block-columns is-layout-flex wp-container-core-columns-is-layout-9d6595d7 wp-block-columns-is-layout-flex\">\n<div class=\"wp-block-column is-layout-flow wp-block-column-is-layout-flow\" style=\"flex-basis:33.33%\">\n<figure class=\"wp-block-image size-full\"><img loading=\"lazy\" decoding=\"async\" width=\"512\" height=\"274\" src=\"https:\/\/krage.pl\/wp-content\/uploads\/2025\/08\/iarp-logo-2020-bw.png\" alt=\"\" class=\"wp-image-827\" srcset=\"https:\/\/krage.pl\/wp-content\/uploads\/2025\/08\/iarp-logo-2020-bw.png 512w, https:\/\/krage.pl\/wp-content\/uploads\/2025\/08\/iarp-logo-2020-bw-300x161.png 300w\" sizes=\"auto, (max-width: 512px) 100vw, 512px\" \/><\/figure>\n<\/div>\n\n\n\n<div class=\"wp-block-column is-layout-flow wp-block-column-is-layout-flow\" style=\"flex-basis:66.66%\">\n<figure class=\"wp-block-image size-full\"><img loading=\"lazy\" decoding=\"async\" width=\"461\" height=\"177\" src=\"https:\/\/krage.pl\/wp-content\/uploads\/2025\/08\/Logo_SARP_PL.jpeg\" alt=\"\" class=\"wp-image-828\" srcset=\"https:\/\/krage.pl\/wp-content\/uploads\/2025\/08\/Logo_SARP_PL.jpeg 461w, https:\/\/krage.pl\/wp-content\/uploads\/2025\/08\/Logo_SARP_PL-300x115.jpeg 300w\" sizes=\"auto, (max-width: 461px) 100vw, 461px\" \/><\/figure>\n<\/div>\n<\/div>\n\n\n\n<figure class=\"wp-block-image size-full\"><img loading=\"lazy\" decoding=\"async\" width=\"929\" height=\"311\" src=\"https:\/\/krage.pl\/wp-content\/uploads\/2025\/08\/baner.jpg\" alt=\"\" class=\"wp-image-822\" srcset=\"https:\/\/krage.pl\/wp-content\/uploads\/2025\/08\/baner.jpg 929w, https:\/\/krage.pl\/wp-content\/uploads\/2025\/08\/baner-300x100.jpg 300w, https:\/\/krage.pl\/wp-content\/uploads\/2025\/08\/baner-768x257.jpg 768w\" sizes=\"auto, (max-width: 929px) 100vw, 929px\" \/><\/figure>\n<\/div>\n\n\n\n<div class=\"wp-block-column is-layout-flow wp-block-column-is-layout-flow\">\n<p><strong>KRAGE architektura <br>Jan Fia\u0142kowski<\/strong><\/p>\n\n\n\n<p>Adres firmy:<br>3 Maja 23\/5<br>44-200 Rybnik<br>(Budynek &#8222;Carbon&#8221;)<br>NIP: 642-321-80-40<br><\/p>\n\n\n\n<p>+48 664 638 948<\/p>\n\n\n\n<p>E-dor\u0119czenia: <strong>AE:PL-65401-62254-TAEHH-24<\/strong><\/p>\n\n\n\n<p><\/p>\n\n\n\n<p><strong>Oddzia\u0142 zamiejscowy:<\/strong><br>Via Giudice Raffaele Sardelli 17,<br>72019 San Vito dei Normanni, <br>Prowincja Brindisi, W\u0142ochy<br><br><strong>krage@krage.pl<\/strong>, <strong>pracownia@krage.pl<\/strong><\/p>\n\n\n\n<p><br><br><br>Numer konta bankowego:<br>IBAN: PL 27 1050 1344 1000 0097 1505 1588 <br>BIC SWIFT: INGBPLPW<\/p>\n\n\n\n<p><\/p>\n<\/div>\n<\/div>\n\n\n\n<p><\/p>\n\n\n\n<h2 class=\"wp-block-heading has-text-align-center\">Spotkajmy si\u0119 na miejscu! Zawsze ch\u0119tnie pomo\u017cemy.<\/h2>\n\n\n\n<div class=\"wp-block-columns has-2-columns is-layout-flex wp-container-core-columns-is-layout-9d6595d7 wp-block-columns-is-layout-flex\">\n<div class=\"wp-block-column is-layout-flow wp-block-column-is-layout-flow\">\n<p><\/p>\n<\/div>\n\n\n\n<div class=\"wp-block-column is-layout-flow wp-block-column-is-layout-flow\">\n<p><\/p>\n<\/div>\n<\/div>\n\n\n<div id=\"wpgmza_map_1\" class=\"wpgmza_map wpgmza-auto-left\" style=\"display:block;width:100\\%;height:400px;overflow:hidden;position:relative;\" data-map-id=\"1\" data-maps-engine=\"open-layers\" data-build-engine=\"atlas-novus\" data-shortcode-attributes=\"{&quot;id&quot;:&quot;1&quot;,&quot;zoom&quot;:false,&quot;width&quot;:false,&quot;height&quot;:false,&quot;marker&quot;:false,&quot;classname&quot;:false}\" data-settings=\"{&quot;map_title&quot;:&quot;Lokalizacja&quot;,&quot;map_width&quot;:&quot;100&quot;,&quot;map_height&quot;:&quot;400&quot;,&quot;map_start_lat&quot;:&quot;50.081636&quot;,&quot;map_start_lng&quot;:&quot;18.536477&quot;,&quot;map_start_location&quot;:&quot;50.08163629089077,18.536477447203637&quot;,&quot;map_start_zoom&quot;:&quot;7&quot;,&quot;default_marker&quot;:&quot;0&quot;,&quot;type&quot;:&quot;1&quot;,&quot;alignment&quot;:&quot;1&quot;,&quot;directions_enabled&quot;:&quot;1&quot;,&quot;styling_enabled&quot;:&quot;0&quot;,&quot;styling_json&quot;:&quot;&quot;,&quot;active&quot;:&quot;0&quot;,&quot;kml&quot;:&quot;&quot;,&quot;bicycle&quot;:&quot;0&quot;,&quot;traffic&quot;:&quot;0&quot;,&quot;dbox&quot;:&quot;1&quot;,&quot;dbox_width&quot;:&quot;100&quot;,&quot;listmarkers&quot;:&quot;0&quot;,&quot;listmarkers_advanced&quot;:&quot;0&quot;,&quot;filterbycat&quot;:&quot;0&quot;,&quot;ugm_enabled&quot;:&quot;0&quot;,&quot;ugm_category_enabled&quot;:&quot;0&quot;,&quot;fusion&quot;:&quot;&quot;,&quot;map_width_type&quot;:&quot;\\\\%&quot;,&quot;map_height_type&quot;:&quot;px&quot;,&quot;mass_marker_support&quot;:&quot;1&quot;,&quot;ugm_access&quot;:&quot;0&quot;,&quot;order_markers_by&quot;:&quot;1&quot;,&quot;order_markers_choice&quot;:&quot;2&quot;,&quot;show_user_location&quot;:&quot;0&quot;,&quot;default_to&quot;:&quot;&quot;,&quot;store_locator_enabled&quot;:2,&quot;store_locator_distance&quot;:2,&quot;store_locator_default_radius&quot;:&quot;10&quot;,&quot;store_locator_not_found_message&quot;:&quot;No results found in this location. Please try again.&quot;,&quot;store_locator_bounce&quot;:1,&quot;store_locator_query_string&quot;:&quot;ZIP \\\/ Address:&quot;,&quot;store_locator_default_address&quot;:&quot;&quot;,&quot;wpgmza_store_locator_restrict&quot;:&quot;&quot;,&quot;store_locator_style&quot;:&quot;modern&quot;,&quot;wpgmza_store_locator_radius_style&quot;:&quot;modern&quot;,&quot;map_max_zoom&quot;:&quot;1&quot;,&quot;transport_layer&quot;:0,&quot;wpgmza_show_points_of_interest&quot;:0,&quot;id&quot;:1}\" ><\/div>","protected":false},"excerpt":{"rendered":"<p>KRAGE architektura Jan Fia\u0142kowski Adres firmy:3 Maja 23\/544-200 Rybnik(Budynek &#8222;Carbon&#8221;)NIP: 642-321-80-40 +48 664 638 948 E-dor\u0119czenia: AE:PL-65401-62254-TAEHH-24 Oddzia\u0142 zamiejscowy:Via Giudice Raffaele Sardelli 17,72019 San Vito dei Normanni, Prowincja Brindisi, W\u0142ochy krage@krage.pl, pracownia@krage.pl Numer konta bankowego:IBAN: PL 27 1050 1344 1000 0097 1505 1588 BIC SWIFT: INGBPLPW Spotkajmy si\u0119 na miejscu! Zawsze ch\u0119tnie pomo\u017cemy.<\/p>\n","protected":false},"author":1,"featured_media":0,"parent":0,"menu_order":0,"comment_status":"closed","ping_status":"closed","template":"","meta":{"neve_meta_sidebar":"full-width","neve_meta_container":"","neve_meta_enable_content_width":"on","neve_meta_content_width":90,"neve_meta_title_alignment":"","neve_meta_author_avatar":"","neve_post_elements_order":"","neve_meta_disable_header":"","neve_meta_disable_footer":"on","neve_meta_disable_title":"","_themeisle_gutenberg_block_has_review":false,"footnotes":""},"class_list":["post-158","page","type-page","status-publish","hentry"],"yoast_head":"<!-- This site is optimized with the Yoast SEO plugin v27.0 - https:\/\/yoast.com\/product\/yoast-seo-wordpress\/ -->\n<title>KONTAKT - KRAGE architektura<\/title>\n<meta name=\"robots\" content=\"index, follow, max-snippet:-1, max-image-preview:large, max-video-preview:-1\" \/>\n<link rel=\"canonical\" href=\"https:\/\/krage.pl\/index.php\/kontakt\/\" \/>\n<meta property=\"og:locale\" content=\"pl_PL\" \/>\n<meta property=\"og:type\" content=\"article\" \/>\n<meta property=\"og:title\" content=\"KONTAKT - KRAGE architektura\" \/>\n<meta property=\"og:description\" content=\"KRAGE architektura Jan Fia\u0142kowski Adres firmy:3 Maja 23\/544-200 Rybnik(Budynek &#8222;Carbon&#8221;)NIP: 642-321-80-40 +48 664 638 948 E-dor\u0119czenia: AE:PL-65401-62254-TAEHH-24 Oddzia\u0142 zamiejscowy:Via Giudice Raffaele Sardelli 17,72019 San Vito dei Normanni, Prowincja Brindisi, W\u0142ochy krage@krage.pl, pracownia@krage.pl Numer konta bankowego:IBAN: PL 27 1050 1344 1000 0097 1505 1588 BIC SWIFT: INGBPLPW Spotkajmy si\u0119 na miejscu! Zawsze ch\u0119tnie pomo\u017cemy.\" \/>\n<meta property=\"og:url\" content=\"https:\/\/krage.pl\/index.php\/kontakt\/\" \/>\n<meta property=\"og:site_name\" content=\"KRAGE architektura\" \/>\n<meta property=\"article:publisher\" content=\"https:\/\/www.facebook.com\/profile.php?id=100063066109879\" \/>\n<meta property=\"article:modified_time\" content=\"2026-03-24T13:32:21+00:00\" \/>\n<meta property=\"og:image\" content=\"http:\/\/krage.pl\/wp-content\/uploads\/2019\/07\/office-1209640_1280-1024x683.jpg\" \/>\n<meta name=\"twitter:card\" content=\"summary_large_image\" \/>\n<meta name=\"twitter:label1\" content=\"Szacowany czas czytania\" \/>\n\t<meta name=\"twitter:data1\" content=\"2 minuty\" \/>\n<script type=\"application\/ld+json\" class=\"yoast-schema-graph\">{\"@context\":\"https:\/\/schema.org\",\"@graph\":[{\"@type\":\"WebPage\",\"@id\":\"https:\/\/krage.pl\/index.php\/kontakt\/\",\"url\":\"https:\/\/krage.pl\/index.php\/kontakt\/\",\"name\":\"KONTAKT - KRAGE architektura\",\"isPartOf\":{\"@id\":\"https:\/\/krage.pl\/#website\"},\"primaryImageOfPage\":{\"@id\":\"https:\/\/krage.pl\/index.php\/kontakt\/#primaryimage\"},\"image\":{\"@id\":\"https:\/\/krage.pl\/index.php\/kontakt\/#primaryimage\"},\"thumbnailUrl\":\"http:\/\/krage.pl\/wp-content\/uploads\/2019\/07\/office-1209640_1280-1024x683.jpg\",\"datePublished\":\"2019-03-20T00:00:08+00:00\",\"dateModified\":\"2026-03-24T13:32:21+00:00\",\"breadcrumb\":{\"@id\":\"https:\/\/krage.pl\/index.php\/kontakt\/#breadcrumb\"},\"inLanguage\":\"pl-PL\",\"potentialAction\":[{\"@type\":\"ReadAction\",\"target\":[\"https:\/\/krage.pl\/index.php\/kontakt\/\"]}]},{\"@type\":\"ImageObject\",\"inLanguage\":\"pl-PL\",\"@id\":\"https:\/\/krage.pl\/index.php\/kontakt\/#primaryimage\",\"url\":\"http:\/\/krage.pl\/wp-content\/uploads\/2019\/07\/office-1209640_1280-1024x683.jpg\",\"contentUrl\":\"http:\/\/krage.pl\/wp-content\/uploads\/2019\/07\/office-1209640_1280-1024x683.jpg\"},{\"@type\":\"BreadcrumbList\",\"@id\":\"https:\/\/krage.pl\/index.php\/kontakt\/#breadcrumb\",\"itemListElement\":[{\"@type\":\"ListItem\",\"position\":1,\"name\":\"Strona g\u0142\u00f3wna\",\"item\":\"https:\/\/krage.pl\/\"},{\"@type\":\"ListItem\",\"position\":2,\"name\":\"KONTAKT\"}]},{\"@type\":\"WebSite\",\"@id\":\"https:\/\/krage.pl\/#website\",\"url\":\"https:\/\/krage.pl\/\",\"name\":\"KRAGE architektura\",\"description\":\"Pracownia architektoniczna\",\"publisher\":{\"@id\":\"https:\/\/krage.pl\/#organization\"},\"potentialAction\":[{\"@type\":\"SearchAction\",\"target\":{\"@type\":\"EntryPoint\",\"urlTemplate\":\"https:\/\/krage.pl\/?s={search_term_string}\"},\"query-input\":{\"@type\":\"PropertyValueSpecification\",\"valueRequired\":true,\"valueName\":\"search_term_string\"}}],\"inLanguage\":\"pl-PL\"},{\"@type\":\"Organization\",\"@id\":\"https:\/\/krage.pl\/#organization\",\"name\":\"KRAGE architektura\",\"url\":\"https:\/\/krage.pl\/\",\"logo\":{\"@type\":\"ImageObject\",\"inLanguage\":\"pl-PL\",\"@id\":\"https:\/\/krage.pl\/#\/schema\/logo\/image\/\",\"url\":\"https:\/\/krage.pl\/wp-content\/uploads\/2019\/03\/cropped-KRAGE-LOGO-800-1-4.png\",\"contentUrl\":\"https:\/\/krage.pl\/wp-content\/uploads\/2019\/03\/cropped-KRAGE-LOGO-800-1-4.png\",\"width\":800,\"height\":295,\"caption\":\"KRAGE architektura\"},\"image\":{\"@id\":\"https:\/\/krage.pl\/#\/schema\/logo\/image\/\"},\"sameAs\":[\"https:\/\/www.facebook.com\/profile.php?id=100063066109879\",\"https:\/\/www.instagram.com\/krage_architektura\/\"]}]}<\/script>\n<!-- \/ Yoast SEO plugin. -->","yoast_head_json":{"title":"KONTAKT - KRAGE architektura","robots":{"index":"index","follow":"follow","max-snippet":"max-snippet:-1","max-image-preview":"max-image-preview:large","max-video-preview":"max-video-preview:-1"},"canonical":"https:\/\/krage.pl\/index.php\/kontakt\/","og_locale":"pl_PL","og_type":"article","og_title":"KONTAKT - KRAGE architektura","og_description":"KRAGE architektura Jan Fia\u0142kowski Adres firmy:3 Maja 23\/544-200 Rybnik(Budynek &#8222;Carbon&#8221;)NIP: 642-321-80-40 +48 664 638 948 E-dor\u0119czenia: AE:PL-65401-62254-TAEHH-24 Oddzia\u0142 zamiejscowy:Via Giudice Raffaele Sardelli 17,72019 San Vito dei Normanni, Prowincja Brindisi, W\u0142ochy krage@krage.pl, pracownia@krage.pl Numer konta bankowego:IBAN: PL 27 1050 1344 1000 0097 1505 1588 BIC SWIFT: INGBPLPW Spotkajmy si\u0119 na miejscu! Zawsze ch\u0119tnie pomo\u017cemy.","og_url":"https:\/\/krage.pl\/index.php\/kontakt\/","og_site_name":"KRAGE architektura","article_publisher":"https:\/\/www.facebook.com\/profile.php?id=100063066109879","article_modified_time":"2026-03-24T13:32:21+00:00","og_image":[{"url":"http:\/\/krage.pl\/wp-content\/uploads\/2019\/07\/office-1209640_1280-1024x683.jpg","type":"","width":"","height":""}],"twitter_card":"summary_large_image","twitter_misc":{"Szacowany czas czytania":"2 minuty"},"schema":{"@context":"https:\/\/schema.org","@graph":[{"@type":"WebPage","@id":"https:\/\/krage.pl\/index.php\/kontakt\/","url":"https:\/\/krage.pl\/index.php\/kontakt\/","name":"KONTAKT - KRAGE architektura","isPartOf":{"@id":"https:\/\/krage.pl\/#website"},"primaryImageOfPage":{"@id":"https:\/\/krage.pl\/index.php\/kontakt\/#primaryimage"},"image":{"@id":"https:\/\/krage.pl\/index.php\/kontakt\/#primaryimage"},"thumbnailUrl":"http:\/\/krage.pl\/wp-content\/uploads\/2019\/07\/office-1209640_1280-1024x683.jpg","datePublished":"2019-03-20T00:00:08+00:00","dateModified":"2026-03-24T13:32:21+00:00","breadcrumb":{"@id":"https:\/\/krage.pl\/index.php\/kontakt\/#breadcrumb"},"inLanguage":"pl-PL","potentialAction":[{"@type":"ReadAction","target":["https:\/\/krage.pl\/index.php\/kontakt\/"]}]},{"@type":"ImageObject","inLanguage":"pl-PL","@id":"https:\/\/krage.pl\/index.php\/kontakt\/#primaryimage","url":"http:\/\/krage.pl\/wp-content\/uploads\/2019\/07\/office-1209640_1280-1024x683.jpg","contentUrl":"http:\/\/krage.pl\/wp-content\/uploads\/2019\/07\/office-1209640_1280-1024x683.jpg"},{"@type":"BreadcrumbList","@id":"https:\/\/krage.pl\/index.php\/kontakt\/#breadcrumb","itemListElement":[{"@type":"ListItem","position":1,"name":"Strona g\u0142\u00f3wna","item":"https:\/\/krage.pl\/"},{"@type":"ListItem","position":2,"name":"KONTAKT"}]},{"@type":"WebSite","@id":"https:\/\/krage.pl\/#website","url":"https:\/\/krage.pl\/","name":"KRAGE architektura","description":"Pracownia architektoniczna","publisher":{"@id":"https:\/\/krage.pl\/#organization"},"potentialAction":[{"@type":"SearchAction","target":{"@type":"EntryPoint","urlTemplate":"https:\/\/krage.pl\/?s={search_term_string}"},"query-input":{"@type":"PropertyValueSpecification","valueRequired":true,"valueName":"search_term_string"}}],"inLanguage":"pl-PL"},{"@type":"Organization","@id":"https:\/\/krage.pl\/#organization","name":"KRAGE architektura","url":"https:\/\/krage.pl\/","logo":{"@type":"ImageObject","inLanguage":"pl-PL","@id":"https:\/\/krage.pl\/#\/schema\/logo\/image\/","url":"https:\/\/krage.pl\/wp-content\/uploads\/2019\/03\/cropped-KRAGE-LOGO-800-1-4.png","contentUrl":"https:\/\/krage.pl\/wp-content\/uploads\/2019\/03\/cropped-KRAGE-LOGO-800-1-4.png","width":800,"height":295,"caption":"KRAGE architektura"},"image":{"@id":"https:\/\/krage.pl\/#\/schema\/logo\/image\/"},"sameAs":["https:\/\/www.facebook.com\/profile.php?id=100063066109879","https:\/\/www.instagram.com\/krage_architektura\/"]}]}},"_links":{"self":[{"href":"https:\/\/krage.pl\/index.php\/wp-json\/wp\/v2\/pages\/158","targetHints":{"allow":["GET"]}}],"collection":[{"href":"https:\/\/krage.pl\/index.php\/wp-json\/wp\/v2\/pages"}],"about":[{"href":"https:\/\/krage.pl\/index.php\/wp-json\/wp\/v2\/types\/page"}],"author":[{"embeddable":true,"href":"https:\/\/krage.pl\/index.php\/wp-json\/wp\/v2\/users\/1"}],"replies":[{"embeddable":true,"href":"https:\/\/krage.pl\/index.php\/wp-json\/wp\/v2\/comments?post=158"}],"version-history":[{"count":27,"href":"https:\/\/krage.pl\/index.php\/wp-json\/wp\/v2\/pages\/158\/revisions"}],"predecessor-version":[{"id":1314,"href":"https:\/\/krage.pl\/index.php\/wp-json\/wp\/v2\/pages\/158\/revisions\/1314"}],"wp:attachment":[{"href":"https:\/\/krage.pl\/index.php\/wp-json\/wp\/v2\/media?parent=158"}],"curies":[{"name":"wp","href":"https:\/\/api.w.org\/{rel}","templated":true}]}}